{"id":3,"date":"2025-06-16T13:50:20","date_gmt":"2025-06-16T13:50:20","guid":{"rendered":"https:\/\/www.informatiqdiscount.com\/charleville\/?page_id=3"},"modified":"2025-07-04T10:51:18","modified_gmt":"2025-07-04T10:51:18","slug":"mentions-legales","status":"publish","type":"page","link":"https:\/\/www.informatiqdiscount.com\/charleville\/mentions-legales\/","title":{"rendered":"Mentions l\u00e9gales"},"content":{"rendered":"\t\t<div data-elementor-type=\"wp-page\" data-elementor-id=\"3\" class=\"elementor elementor-3\" data-elementor-post-type=\"page\">\n\t\t\t\t\t\t<section class=\"elementor-section elementor-top-section elementor-element elementor-element-d3326ee elementor-section-boxed elementor-section-height-default elementor-section-height-default\" data-id=\"d3326ee\" data-element_type=\"section\" data-e-type=\"section\" data-settings=\"{&quot;background_background&quot;:&quot;gradient&quot;}\">\n\t\t\t\t\t\t\t<div class=\"elementor-background-overlay\"><\/div>\n\t\t\t\t\t\t\t<div class=\"elementor-container elementor-column-gap-default\">\n\t\t\t\t\t<div class=\"elementor-column elementor-col-100 elementor-top-column elementor-element elementor-element-665f0dc\" data-id=\"665f0dc\" data-element_type=\"column\" data-e-type=\"column\">\n\t\t\t<div class=\"elementor-widget-wrap elementor-element-populated\">\n\t\t\t\t\t\t<div class=\"elementor-element elementor-element-37d75f0 elementor-widget elementor-widget-spacer\" data-id=\"37d75f0\" data-element_type=\"widget\" data-e-type=\"widget\" data-widget_type=\"spacer.default\">\n\t\t\t\t<div class=\"elementor-widget-container\">\n\t\t\t\t\t\t\t<div class=\"elementor-spacer\">\n\t\t\t<div class=\"elementor-spacer-inner\"><\/div>\n\t\t<\/div>\n\t\t\t\t\t\t<\/div>\n\t\t\t\t<\/div>\n\t\t\t\t<div class=\"elementor-element elementor-element-f61fff4 elementor-widget elementor-widget-heading\" data-id=\"f61fff4\" data-element_type=\"widget\" data-e-type=\"widget\" data-widget_type=\"heading.default\">\n\t\t\t\t<div class=\"elementor-widget-container\">\n\t\t\t\t\t<h1 class=\"elementor-heading-title elementor-size-default\">Mentions l\u00e9gales<\/h1>\t\t\t\t<\/div>\n\t\t\t\t<\/div>\n\t\t\t\t<div class=\"elementor-element elementor-element-ef54b85 elementor-widget elementor-widget-spacer\" data-id=\"ef54b85\" data-element_type=\"widget\" data-e-type=\"widget\" data-widget_type=\"spacer.default\">\n\t\t\t\t<div class=\"elementor-widget-container\">\n\t\t\t\t\t\t\t<div class=\"elementor-spacer\">\n\t\t\t<div class=\"elementor-spacer-inner\"><\/div>\n\t\t<\/div>\n\t\t\t\t\t\t<\/div>\n\t\t\t\t<\/div>\n\t\t\t\t<div class=\"elementor-element elementor-element-173e421 elementor-widget elementor-widget-spacer\" data-id=\"173e421\" data-element_type=\"widget\" data-e-type=\"widget\" data-widget_type=\"spacer.default\">\n\t\t\t\t<div class=\"elementor-widget-container\">\n\t\t\t\t\t\t\t<div class=\"elementor-spacer\">\n\t\t\t<div class=\"elementor-spacer-inner\"><\/div>\n\t\t<\/div>\n\t\t\t\t\t\t<\/div>\n\t\t\t\t<\/div>\n\t\t\t\t\t<\/div>\n\t\t<\/div>\n\t\t\t\t\t<\/div>\n\t\t<\/section>\n\t\t\t\t<section class=\"elementor-section elementor-top-section elementor-element elementor-element-c740e54 elementor-section-boxed elementor-section-height-default elementor-section-height-default\" data-id=\"c740e54\" data-element_type=\"section\" data-e-type=\"section\">\n\t\t\t\t\t\t<div class=\"elementor-container elementor-column-gap-default\">\n\t\t\t\t\t<div class=\"elementor-column elementor-col-100 elementor-top-column elementor-element elementor-element-1115508\" data-id=\"1115508\" data-element_type=\"column\" data-e-type=\"column\">\n\t\t\t<div class=\"elementor-widget-wrap elementor-element-populated\">\n\t\t\t\t\t\t<div class=\"elementor-element elementor-element-3dc1b3d elementor-widget elementor-widget-spacer\" data-id=\"3dc1b3d\" data-element_type=\"widget\" data-e-type=\"widget\" data-widget_type=\"spacer.default\">\n\t\t\t\t<div class=\"elementor-widget-container\">\n\t\t\t\t\t\t\t<div class=\"elementor-spacer\">\n\t\t\t<div class=\"elementor-spacer-inner\"><\/div>\n\t\t<\/div>\n\t\t\t\t\t\t<\/div>\n\t\t\t\t<\/div>\n\t\t\t\t<div class=\"elementor-element elementor-element-e8c2b58 elementor-widget elementor-widget-text-editor\" data-id=\"e8c2b58\" data-element_type=\"widget\" data-e-type=\"widget\" data-widget_type=\"text-editor.default\">\n\t\t\t\t<div class=\"elementor-widget-container\">\n\t\t\t\t\t\t\t\t\t<p>Nom du site : www.informatiqdiscount.com<br>Propri\u00e9taire : Fr\u00e9d\u00e9ric Laigle<br>Adresse : 3 Rue du Daga, 08000 Charleville-M\u00e9zi\u00e8res<br>T\u00e9l\u00e9phone : 0310541008<br>Email : id.charleville@oleanekey.fr<\/p>\n<p>Responsable de la publication : Fr\u00e9d\u00e9ric Laigle<br>H\u00e9bergeur du site : 02 Switch<\/p>\n<p>Num\u00e9ro d&rsquo;identification (RCS\/SIRET) :&nbsp;Melun B 934261769 \/ 93426176900012<br>TVA intracommunautaire : FR01934261769<\/p>\n<p>Droit d&rsquo;auteur et propri\u00e9t\u00e9 intellectuelle :<br>L&rsquo;ensemble du contenu pr\u00e9sent sur ce site, y compris les textes, images, logos, vid\u00e9os, etc., est prot\u00e9g\u00e9 par le droit d&rsquo;auteur et\/ou d&rsquo;autres lois relatives \u00e0 la propri\u00e9t\u00e9 intellectuelle. Toute utilisation, reproduction ou diffusion du contenu n\u00e9cessite une autorisation pr\u00e9alable \u00e9crite du propri\u00e9taire du site.<\/p>\n<p>Responsabilit\u00e9 :<br>Le propri\u00e9taire du site s&rsquo;efforce de fournir des informations fiables et \u00e0 jour, mais ne peut garantir l&rsquo;exactitude et l&rsquo;exhaustivit\u00e9 du contenu. En cons\u00e9quence, il d\u00e9cline toute responsabilit\u00e9 pour tout dommage direct ou indirect r\u00e9sultant de l&rsquo;utilisation du site.<\/p>\n<p>Liens externes :<br>Le site peut contenir des liens vers des sites externes. Le propri\u00e9taire du site n&rsquo;a aucun contr\u00f4le sur le contenu de ces sites et ne peut donc \u00eatre tenu responsable de leur contenu.<\/p>\n<p>Donn\u00e9es personnelles :<br>Le propri\u00e9taire du site s&rsquo;engage \u00e0 respecter la confidentialit\u00e9 des donn\u00e9es personnelles collect\u00e9es sur le site. Les informations recueillies ne seront utilis\u00e9es que dans le cadre sp\u00e9cifi\u00e9 et ne seront en aucun cas transmises \u00e0 des tiers sans le consentement explicite de l&rsquo;utilisateur.<\/p>\n<p>Cookies :<br>Ce site utilise des cookies pour am\u00e9liorer l&rsquo;exp\u00e9rience de navigation des utilisateurs. En utilisant ce site, vous consentez \u00e0 l&rsquo;utilisation de cookies conform\u00e9ment \u00e0 notre politique de cookies.<\/p>\n<p>Droit applicable et juridiction comp\u00e9tente :<br>Tout litige relatif \u00e0 l&rsquo;utilisation de ce site est soumis au droit fran\u00e7ais. En cas de litige, les tribunaux fran\u00e7ais seront seuls comp\u00e9tents.<\/p>\n<p>Modification des mentions l\u00e9gales :<br>Le propri\u00e9taire du site se r\u00e9serve le droit de modifier les pr\u00e9sentes mentions l\u00e9gales \u00e0 tout moment. Il est recommand\u00e9 aux utilisateurs de consulter r\u00e9guli\u00e8rement cette page pour se tenir inform\u00e9s des \u00e9ventuelles mises \u00e0 jour.<\/p>\t\t\t\t\t\t\t\t<\/div>\n\t\t\t\t<\/div>\n\t\t\t\t\t<\/div>\n\t\t<\/div>\n\t\t\t\t\t<\/div>\n\t\t<\/section>\n\t\t\t\t<\/div>\n\t\t","protected":false},"excerpt":{"rendered":"<p>Mentions l\u00e9gales Nom du site : www.informatiqdiscount.comPropri\u00e9taire : Fr\u00e9d\u00e9ric LaigleAdresse : 3 Rue du Daga, 08000 Charleville-M\u00e9zi\u00e8resT\u00e9l\u00e9phone : 0310541008Email : id.charleville@oleanekey.fr Responsable de la publication : Fr\u00e9d\u00e9ric LaigleH\u00e9bergeur du site : 02 Switch Num\u00e9ro d&rsquo;identification (RCS\/SIRET) :&nbsp;Melun B 934261769 \/ 93426176900012TVA intracommunautaire : FR01934261769 Droit d&rsquo;auteur et propri\u00e9t\u00e9 intellectuelle :L&rsquo;ensemble du contenu pr\u00e9sent sur ce [&hellip;]<\/p>\n","protected":false},"author":1,"featured_media":0,"parent":0,"menu_order":0,"comment_status":"closed","ping_status":"open","template":"elementor_header_footer","meta":{"footnotes":""},"class_list":["post-3","page","type-page","status-publish","hentry"],"yoast_head":"<!-- This site is optimized with the Yoast SEO plugin v27.5 - https:\/\/yoast.com\/product\/yoast-seo-wordpress\/ -->\n<title>Mentions l\u00e9gales - Informatiq discount Charleville-M\u00e9zi\u00e8res<\/title>\n<meta name=\"robots\" content=\"index, follow, max-snippet:-1, max-image-preview:large, max-video-preview:-1\" \/>\n<link rel=\"canonical\" href=\"https:\/\/www.informatiqdiscount.com\/charleville\/mentions-legales\/\" \/>\n<meta property=\"og:locale\" content=\"fr_FR\" \/>\n<meta property=\"og:type\" content=\"article\" \/>\n<meta property=\"og:title\" content=\"Mentions l\u00e9gales - Informatiq discount Charleville-M\u00e9zi\u00e8res\" \/>\n<meta property=\"og:description\" content=\"Mentions l\u00e9gales Nom du site : www.informatiqdiscount.comPropri\u00e9taire : Fr\u00e9d\u00e9ric LaigleAdresse : 3 Rue du Daga, 08000 Charleville-M\u00e9zi\u00e8resT\u00e9l\u00e9phone : 0310541008Email : id.charleville@oleanekey.fr Responsable de la publication : Fr\u00e9d\u00e9ric LaigleH\u00e9bergeur du site : 02 Switch Num\u00e9ro d&rsquo;identification (RCS\/SIRET) :&nbsp;Melun B 934261769 \/ 93426176900012TVA intracommunautaire : FR01934261769 Droit d&rsquo;auteur et propri\u00e9t\u00e9 intellectuelle :L&rsquo;ensemble du contenu pr\u00e9sent sur ce [&hellip;]\" \/>\n<meta property=\"og:url\" content=\"https:\/\/www.informatiqdiscount.com\/charleville\/mentions-legales\/\" \/>\n<meta property=\"og:site_name\" content=\"Informatiq discount Charleville-M\u00e9zi\u00e8res\" \/>\n<meta property=\"article:modified_time\" content=\"2025-07-04T10:51:18+00:00\" \/>\n<meta name=\"twitter:card\" content=\"summary_large_image\" \/>\n<meta name=\"twitter:label1\" content=\"Dur\u00e9e de lecture estim\u00e9e\" \/>\n\t<meta name=\"twitter:data1\" content=\"2 minutes\" \/>\n<script type=\"application\/ld+json\" class=\"yoast-schema-graph\">{\"@context\":\"https:\\\/\\\/schema.org\",\"@graph\":[{\"@type\":\"WebPage\",\"@id\":\"https:\\\/\\\/www.informatiqdiscount.com\\\/charleville\\\/mentions-legales\\\/\",\"url\":\"https:\\\/\\\/www.informatiqdiscount.com\\\/charleville\\\/mentions-legales\\\/\",\"name\":\"Mentions l\u00e9gales - Informatiq discount Charleville-M\u00e9zi\u00e8res\",\"isPartOf\":{\"@id\":\"https:\\\/\\\/www.informatiqdiscount.com\\\/charleville\\\/#website\"},\"datePublished\":\"2025-06-16T13:50:20+00:00\",\"dateModified\":\"2025-07-04T10:51:18+00:00\",\"breadcrumb\":{\"@id\":\"https:\\\/\\\/www.informatiqdiscount.com\\\/charleville\\\/mentions-legales\\\/#breadcrumb\"},\"inLanguage\":\"fr-FR\",\"potentialAction\":[{\"@type\":\"ReadAction\",\"target\":[\"https:\\\/\\\/www.informatiqdiscount.com\\\/charleville\\\/mentions-legales\\\/\"]}]},{\"@type\":\"BreadcrumbList\",\"@id\":\"https:\\\/\\\/www.informatiqdiscount.com\\\/charleville\\\/mentions-legales\\\/#breadcrumb\",\"itemListElement\":[{\"@type\":\"ListItem\",\"position\":1,\"name\":\"Accueil\",\"item\":\"https:\\\/\\\/www.informatiqdiscount.com\\\/charleville\\\/\"},{\"@type\":\"ListItem\",\"position\":2,\"name\":\"Mentions l\u00e9gales\"}]},{\"@type\":\"WebSite\",\"@id\":\"https:\\\/\\\/www.informatiqdiscount.com\\\/charleville\\\/#website\",\"url\":\"https:\\\/\\\/www.informatiqdiscount.com\\\/charleville\\\/\",\"name\":\"Informatiq discount Charleville-M\u00e9zi\u00e8res\",\"description\":\"\",\"potentialAction\":[{\"@type\":\"SearchAction\",\"target\":{\"@type\":\"EntryPoint\",\"urlTemplate\":\"https:\\\/\\\/www.informatiqdiscount.com\\\/charleville\\\/?s={search_term_string}\"},\"query-input\":{\"@type\":\"PropertyValueSpecification\",\"valueRequired\":true,\"valueName\":\"search_term_string\"}}],\"inLanguage\":\"fr-FR\"}]}<\/script>\n<!-- \/ Yoast SEO plugin. -->","yoast_head_json":{"title":"Mentions l\u00e9gales - Informatiq discount Charleville-M\u00e9zi\u00e8res","robots":{"index":"index","follow":"follow","max-snippet":"max-snippet:-1","max-image-preview":"max-image-preview:large","max-video-preview":"max-video-preview:-1"},"canonical":"https:\/\/www.informatiqdiscount.com\/charleville\/mentions-legales\/","og_locale":"fr_FR","og_type":"article","og_title":"Mentions l\u00e9gales - Informatiq discount Charleville-M\u00e9zi\u00e8res","og_description":"Mentions l\u00e9gales Nom du site : www.informatiqdiscount.comPropri\u00e9taire : Fr\u00e9d\u00e9ric LaigleAdresse : 3 Rue du Daga, 08000 Charleville-M\u00e9zi\u00e8resT\u00e9l\u00e9phone : 0310541008Email : id.charleville@oleanekey.fr Responsable de la publication : Fr\u00e9d\u00e9ric LaigleH\u00e9bergeur du site : 02 Switch Num\u00e9ro d&rsquo;identification (RCS\/SIRET) :&nbsp;Melun B 934261769 \/ 93426176900012TVA intracommunautaire : FR01934261769 Droit d&rsquo;auteur et propri\u00e9t\u00e9 intellectuelle :L&rsquo;ensemble du contenu pr\u00e9sent sur ce [&hellip;]","og_url":"https:\/\/www.informatiqdiscount.com\/charleville\/mentions-legales\/","og_site_name":"Informatiq discount Charleville-M\u00e9zi\u00e8res","article_modified_time":"2025-07-04T10:51:18+00:00","twitter_card":"summary_large_image","twitter_misc":{"Dur\u00e9e de lecture estim\u00e9e":"2 minutes"},"schema":{"@context":"https:\/\/schema.org","@graph":[{"@type":"WebPage","@id":"https:\/\/www.informatiqdiscount.com\/charleville\/mentions-legales\/","url":"https:\/\/www.informatiqdiscount.com\/charleville\/mentions-legales\/","name":"Mentions l\u00e9gales - Informatiq discount Charleville-M\u00e9zi\u00e8res","isPartOf":{"@id":"https:\/\/www.informatiqdiscount.com\/charleville\/#website"},"datePublished":"2025-06-16T13:50:20+00:00","dateModified":"2025-07-04T10:51:18+00:00","breadcrumb":{"@id":"https:\/\/www.informatiqdiscount.com\/charleville\/mentions-legales\/#breadcrumb"},"inLanguage":"fr-FR","potentialAction":[{"@type":"ReadAction","target":["https:\/\/www.informatiqdiscount.com\/charleville\/mentions-legales\/"]}]},{"@type":"BreadcrumbList","@id":"https:\/\/www.informatiqdiscount.com\/charleville\/mentions-legales\/#breadcrumb","itemListElement":[{"@type":"ListItem","position":1,"name":"Accueil","item":"https:\/\/www.informatiqdiscount.com\/charleville\/"},{"@type":"ListItem","position":2,"name":"Mentions l\u00e9gales"}]},{"@type":"WebSite","@id":"https:\/\/www.informatiqdiscount.com\/charleville\/#website","url":"https:\/\/www.informatiqdiscount.com\/charleville\/","name":"Informatiq discount Charleville-M\u00e9zi\u00e8res","description":"","potentialAction":[{"@type":"SearchAction","target":{"@type":"EntryPoint","urlTemplate":"https:\/\/www.informatiqdiscount.com\/charleville\/?s={search_term_string}"},"query-input":{"@type":"PropertyValueSpecification","valueRequired":true,"valueName":"search_term_string"}}],"inLanguage":"fr-FR"}]}},"_links":{"self":[{"href":"https:\/\/www.informatiqdiscount.com\/charleville\/wp-json\/wp\/v2\/pages\/3","targetHints":{"allow":["GET"]}}],"collection":[{"href":"https:\/\/www.informatiqdiscount.com\/charleville\/wp-json\/wp\/v2\/pages"}],"about":[{"href":"https:\/\/www.informatiqdiscount.com\/charleville\/wp-json\/wp\/v2\/types\/page"}],"author":[{"embeddable":true,"href":"https:\/\/www.informatiqdiscount.com\/charleville\/wp-json\/wp\/v2\/users\/1"}],"replies":[{"embeddable":true,"href":"https:\/\/www.informatiqdiscount.com\/charleville\/wp-json\/wp\/v2\/comments?post=3"}],"version-history":[{"count":4,"href":"https:\/\/www.informatiqdiscount.com\/charleville\/wp-json\/wp\/v2\/pages\/3\/revisions"}],"predecessor-version":[{"id":85,"href":"https:\/\/www.informatiqdiscount.com\/charleville\/wp-json\/wp\/v2\/pages\/3\/revisions\/85"}],"wp:attachment":[{"href":"https:\/\/www.informatiqdiscount.com\/charleville\/wp-json\/wp\/v2\/media?parent=3"}],"curies":[{"name":"wp","href":"https:\/\/api.w.org\/{rel}","templated":true}]}}